{"id":394,"date":"2026-02-16T12:27:44","date_gmt":"2026-02-16T18:27:44","guid":{"rendered":"https:\/\/www.centrofelicidadybienestaremocional.com\/Web\/?page_id=394"},"modified":"2026-03-17T18:10:45","modified_gmt":"2026-03-18T00:10:45","slug":"cursos","status":"publish","type":"page","link":"https:\/\/www.centrofelicidadybienestaremocional.com\/Web\/cursos\/","title":{"rendered":"Cursos"},"content":{"rendered":"\n<div class=\"wp-block-uagb-container uagb-block-8sjwgqc7 alignfull uagb-is-root-container\"><div class=\"uagb-container-inner-blocks-wrap\">\n<div class=\"wp-block-uagb-info-box uagb-block-fsck6age uagb-infobox__content-wrap  uagb-infobox-icon-above-title uagb-infobox-image-valign-top\"><div class=\"uagb-ifb-content\"><div class=\"uagb-ifb-title-wrap\"><h1 class=\"uagb-ifb-title\">Cursos<\/h1><\/div><\/div><\/div>\n<\/div><\/div>\n\n\n\n<div class=\"wp-block-uagb-container uagb-block-otlgdtyw alignfull uagb-is-root-container\"><div class=\"uagb-container-inner-blocks-wrap\">\n<div class=\"wp-block-uagb-info-box uagb-block-cd08bd5h uagb-infobox__content-wrap  uagb-infobox-icon-above-title uagb-infobox-image-valign-top\"><div class=\"uagb-ifb-content\"><div class=\"uagb-ifb-title-wrap\"><h5 class=\"uagb-ifb-title\">En el Centro para la Felicidad y BienEstar Emocional te acompa\u00f1amos en este camino con herramientas y cursos dise\u00f1ados para apoyarte a vivir con m\u00e1s calma, plenitud y equilibrio.<\/h5><\/div><p class=\"uagb-ifb-desc\">En el Centro para la Felicidad y BienEstar Emocional te acompa\u00f1amos en este camino con herramientas y cursos dise\u00f1ados para apoyarte a vivir con m\u00e1s calma, plenitud y equilibrio.<br><\/p><\/div><\/div>\n\n\n\n<div class=\"wp-block-uagb-container uagb-block-nyoebqo8\">\n<div class=\"wp-block-uagb-container uagb-block-j3fn70mv\">\n<div class=\"wp-block-uagb-image alignleft uagb-block-gdbv5fl9 wp-block-uagb-image--layout-default wp-block-uagb-image--effect-static wp-block-uagb-image--align-left\"><figure class=\"wp-block-uagb-image__figure\"><img decoding=\"async\" srcset=\"https:\/\/www.centrofelicidadybienestaremocional.com\/Web\/wp-content\/uploads\/2026\/03\/filosofi\u0301a-para-la-felicidad.jpg ,https:\/\/www.centrofelicidadybienestaremocional.com\/Web\/wp-content\/uploads\/2026\/03\/filosofi\u0301a-para-la-felicidad.jpg 780w, https:\/\/www.centrofelicidadybienestaremocional.com\/Web\/wp-content\/uploads\/2026\/03\/filosofi\u0301a-para-la-felicidad.jpg 360w\" sizes=\"auto, (max-width: 480px) 150px\" src=\"https:\/\/www.centrofelicidadybienestaremocional.com\/Web\/wp-content\/uploads\/2026\/03\/filosofi\u0301a-para-la-felicidad.jpg\" alt=\"filosofi\u0301a para la felicidad\" class=\"uag-image-624\" width=\"600\" height=\"450\" title=\"filosofi\u0301a para la felicidad\" loading=\"lazy\" role=\"img\"\/><\/figure><\/div>\n<\/div>\n\n\n\n<div class=\"wp-block-uagb-container uagb-block-neznneha\">\n<div class=\"wp-block-uagb-info-box uagb-block-g7acuxpg uagb-infobox__content-wrap  uagb-infobox-icon-above-title uagb-infobox-image-valign-top\"><div class=\"uagb-ifb-content\"><div class=\"uagb-ifb-title-wrap\"><h3 class=\"uagb-ifb-title\">Filosof\u00eda Para La Felicidad<\/h3><\/div><p class=\"uagb-ifb-desc\">Curso creado para promover la reflexi\u00f3n y el conocimiento de como generar tu felicidad duradera, a trav\u00e9s de las reflexiones de los antiguos fil\u00f3sofos y de la ciencia actual que promueve la felicidad.<\/p><\/div><\/div>\n\n\n\n<div class=\"wp-block-uagb-buttons uagb-buttons__outer-wrap uagb-btn__default-btn uagb-btn-tablet__default-btn uagb-btn-mobile__default-btn uagb-block-haspyhmq\"><div class=\"uagb-buttons__wrap uagb-buttons-layout-wrap \">\n<div class=\"wp-block-uagb-buttons-child uagb-buttons__outer-wrap uagb-block-34wglnfz wp-block-button\"><div class=\"uagb-button__wrapper\"><a class=\"uagb-buttons-repeater wp-block-button__link\" aria-label=\"\" href=\"#\" rel=\"follow noopener\" target=\"_self\" role=\"button\"><div class=\"uagb-button__link\">CONOCE M\u00c1S<\/div><span class=\"uagb-button__icon uagb-button__icon-position-after\"><svg xmlns=\"https:\/\/www.w3.org\/2000\/svg\" viewBox=\"0 0 320 512\" aria-hidden=\"true\" focussable=\"false\"><path d=\"M96 480c-8.188 0-16.38-3.125-22.62-9.375c-12.5-12.5-12.5-32.75 0-45.25L242.8 256L73.38 86.63c-12.5-12.5-12.5-32.75 0-45.25s32.75-12.5 45.25 0l192 192c12.5 12.5 12.5 32.75 0 45.25l-192 192C112.4 476.9 104.2 480 96 480z\"><\/path><\/svg><\/span><\/a><\/div><\/div>\n<\/div><\/div>\n<\/div>\n\n\n\n<div class=\"wp-block-uagb-container uagb-block-t64nptgz\">\n<div class=\"wp-block-uagb-info-box uagb-block-pxyir8uf uagb-infobox__content-wrap  uagb-infobox-icon-above-title uagb-infobox-image-valign-top\"><div class=\"uagb-ifb-content\"><div class=\"uagb-ifb-title-wrap\"><h3 class=\"uagb-ifb-title\">Comunicaci\u00f3n Asertiva<\/h3><\/div><p class=\"uagb-ifb-desc\">Curso creado para mejorar la comunicaci\u00f3n con la pareja, la familia y en el ambiente laboral, promoviendo relaciones m\u00e1s cercanas sin da\u00f1ar el v\u00ednculo emocional.<\/p><\/div><\/div>\n\n\n\n<div class=\"wp-block-uagb-buttons uagb-buttons__outer-wrap uagb-btn__default-btn uagb-btn-tablet__default-btn uagb-btn-mobile__default-btn uagb-block-prhcj6hj\"><div class=\"uagb-buttons__wrap uagb-buttons-layout-wrap \">\n<div class=\"wp-block-uagb-buttons-child uagb-buttons__outer-wrap uagb-block-qknormp8 wp-block-button\"><div class=\"uagb-button__wrapper\"><a class=\"uagb-buttons-repeater wp-block-button__link\" aria-label=\"\" href=\"#\" rel=\"follow noopener\" target=\"_self\" role=\"button\"><div class=\"uagb-button__link\">CONOCER M\u00c1S<\/div><span class=\"uagb-button__icon uagb-button__icon-position-after\"><svg xmlns=\"https:\/\/www.w3.org\/2000\/svg\" viewBox=\"0 0 320 512\" aria-hidden=\"true\" focussable=\"false\"><path d=\"M96 480c-8.188 0-16.38-3.125-22.62-9.375c-12.5-12.5-12.5-32.75 0-45.25L242.8 256L73.38 86.63c-12.5-12.5-12.5-32.75 0-45.25s32.75-12.5 45.25 0l192 192c12.5 12.5 12.5 32.75 0 45.25l-192 192C112.4 476.9 104.2 480 96 480z\"><\/path><\/svg><\/span><\/a><\/div><\/div>\n<\/div><\/div>\n<\/div>\n\n\n\n<div class=\"wp-block-uagb-container uagb-block-yepra6nw\">\n<div class=\"wp-block-uagb-image alignleft uagb-block-ocfcqgih wp-block-uagb-image--layout-default wp-block-uagb-image--effect-static wp-block-uagb-image--align-left\"><figure class=\"wp-block-uagb-image__figure\"><img decoding=\"async\" srcset=\"https:\/\/www.centrofelicidadybienestaremocional.com\/Web\/wp-content\/uploads\/2026\/03\/comunicacion-asertiva.jpg ,https:\/\/www.centrofelicidadybienestaremocional.com\/Web\/wp-content\/uploads\/2026\/03\/comunicacion-asertiva.jpg 780w, https:\/\/www.centrofelicidadybienestaremocional.com\/Web\/wp-content\/uploads\/2026\/03\/comunicacion-asertiva.jpg 360w\" sizes=\"auto, (max-width: 480px) 150px\" src=\"https:\/\/www.centrofelicidadybienestaremocional.com\/Web\/wp-content\/uploads\/2026\/03\/comunicacion-asertiva.jpg\" alt=\"comunicacion asertiva\" class=\"uag-image-637\" width=\"600\" height=\"450\" title=\"comunicacion asertiva\" loading=\"lazy\" role=\"img\"\/><\/figure><\/div>\n<\/div>\n\n\n\n<div class=\"wp-block-uagb-container uagb-block-8zyeagki\">\n<div class=\"wp-block-uagb-image alignleft uagb-block-ngbtx21j wp-block-uagb-image--layout-default wp-block-uagb-image--effect-static wp-block-uagb-image--align-left\"><figure class=\"wp-block-uagb-image__figure\"><img decoding=\"async\" srcset=\"https:\/\/www.centrofelicidadybienestaremocional.com\/Web\/wp-content\/uploads\/2026\/03\/o\u0301rdenes-del-amor-para-la-familia-683x1024.jpg ,https:\/\/www.centrofelicidadybienestaremocional.com\/Web\/wp-content\/uploads\/2026\/03\/o\u0301rdenes-del-amor-para-la-familia.jpg 780w, https:\/\/www.centrofelicidadybienestaremocional.com\/Web\/wp-content\/uploads\/2026\/03\/o\u0301rdenes-del-amor-para-la-familia.jpg 360w\" sizes=\"auto, (max-width: 480px) 150px\" src=\"https:\/\/www.centrofelicidadybienestaremocional.com\/Web\/wp-content\/uploads\/2026\/03\/o\u0301rdenes-del-amor-para-la-familia-683x1024.jpg\" alt=\"o\u0301rdenes del amor para la familia\" class=\"uag-image-630\" width=\"600\" height=\"450\" title=\"o\u0301rdenes del amor para la familia\" loading=\"lazy\" role=\"img\"\/><\/figure><\/div>\n<\/div>\n\n\n\n<div class=\"wp-block-uagb-container uagb-block-l2gigrmp\">\n<div class=\"wp-block-uagb-info-box uagb-block-9dhxkjar uagb-infobox__content-wrap  uagb-infobox-icon-above-title uagb-infobox-image-valign-top\"><div class=\"uagb-ifb-content\"><div class=\"uagb-ifb-title-wrap\"><h4 class=\"uagb-ifb-title\">\u00d3rdenes Del Amor Para La Familia<\/h4><\/div><p class=\"uagb-ifb-desc\">Curso creado para promover el Orden y el Amor en la pareja, las familias y el entorno laboral, permitiendo que el Amor fluya y se recupere el orden natural que permite vivir con plenitud.<\/p><\/div><\/div>\n\n\n\n<div class=\"wp-block-uagb-buttons uagb-buttons__outer-wrap uagb-btn__default-btn uagb-btn-tablet__default-btn uagb-btn-mobile__default-btn uagb-block-t8dqhesw\"><div class=\"uagb-buttons__wrap uagb-buttons-layout-wrap \">\n<div class=\"wp-block-uagb-buttons-child uagb-buttons__outer-wrap uagb-block-lejfruow wp-block-button\"><div class=\"uagb-button__wrapper\"><a class=\"uagb-buttons-repeater wp-block-button__link\" aria-label=\"\" href=\"#\" rel=\"follow noopener\" target=\"_self\" role=\"button\"><div class=\"uagb-button__link\">CONOCER M\u00c1S<\/div><span class=\"uagb-button__icon uagb-button__icon-position-after\"><svg xmlns=\"https:\/\/www.w3.org\/2000\/svg\" viewBox=\"0 0 320 512\" aria-hidden=\"true\" focussable=\"false\"><path d=\"M96 480c-8.188 0-16.38-3.125-22.62-9.375c-12.5-12.5-12.5-32.75 0-45.25L242.8 256L73.38 86.63c-12.5-12.5-12.5-32.75 0-45.25s32.75-12.5 45.25 0l192 192c12.5 12.5 12.5 32.75 0 45.25l-192 192C112.4 476.9 104.2 480 96 480z\"><\/path><\/svg><\/span><\/a><\/div><\/div>\n<\/div><\/div>\n<\/div>\n\n\n\n<div class=\"wp-block-uagb-container uagb-block-8168c566\">\n<div class=\"wp-block-uagb-info-box uagb-block-c8af16f3 uagb-infobox__content-wrap  uagb-infobox-icon-above-title uagb-infobox-image-valign-top\"><div class=\"uagb-ifb-content\"><div class=\"uagb-ifb-title-wrap\"><h4 class=\"uagb-ifb-title\">Inteligencia Emocional<\/h4><\/div><p class=\"uagb-ifb-desc\">Curso creado para fomentar el autoconocimiento y manejo de las emociones para estimular la empat\u00eda, la resiliencia y vivir con plenitud y felicidad.<\/p><\/div><\/div>\n\n\n\n<div class=\"wp-block-uagb-buttons uagb-buttons__outer-wrap uagb-btn__default-btn uagb-btn-tablet__default-btn uagb-btn-mobile__default-btn uagb-block-88b29990\"><div class=\"uagb-buttons__wrap uagb-buttons-layout-wrap \">\n<div class=\"wp-block-uagb-buttons-child uagb-buttons__outer-wrap uagb-block-3349d9a9 wp-block-button\"><div class=\"uagb-button__wrapper\"><a class=\"uagb-buttons-repeater wp-block-button__link\" aria-label=\"\" href=\"#\" rel=\"follow noopener\" target=\"_self\" role=\"button\"><div class=\"uagb-button__link\">CONOCER M\u00c1S<\/div><span class=\"uagb-button__icon uagb-button__icon-position-after\"><svg xmlns=\"https:\/\/www.w3.org\/2000\/svg\" viewBox=\"0 0 320 512\" aria-hidden=\"true\" focussable=\"false\"><path d=\"M96 480c-8.188 0-16.38-3.125-22.62-9.375c-12.5-12.5-12.5-32.75 0-45.25L242.8 256L73.38 86.63c-12.5-12.5-12.5-32.75 0-45.25s32.75-12.5 45.25 0l192 192c12.5 12.5 12.5 32.75 0 45.25l-192 192C112.4 476.9 104.2 480 96 480z\"><\/path><\/svg><\/span><\/a><\/div><\/div>\n<\/div><\/div>\n<\/div>\n\n\n\n<div class=\"wp-block-uagb-container uagb-block-49e28f46\">\n<div class=\"wp-block-uagb-image alignleft uagb-block-ad65e478 wp-block-uagb-image--layout-default wp-block-uagb-image--effect-static wp-block-uagb-image--align-left\"><figure class=\"wp-block-uagb-image__figure\"><img decoding=\"async\" srcset=\"https:\/\/www.centrofelicidadybienestaremocional.com\/Web\/wp-content\/uploads\/2026\/03\/inteligencia-emocional-585x1024.jpg ,https:\/\/www.centrofelicidadybienestaremocional.com\/Web\/wp-content\/uploads\/2026\/03\/inteligencia-emocional.jpg 780w, https:\/\/www.centrofelicidadybienestaremocional.com\/Web\/wp-content\/uploads\/2026\/03\/inteligencia-emocional.jpg 360w\" sizes=\"auto, (max-width: 480px) 150px\" src=\"https:\/\/www.centrofelicidadybienestaremocional.com\/Web\/wp-content\/uploads\/2026\/03\/inteligencia-emocional-585x1024.jpg\" alt=\"inteligencia emocional\" class=\"uag-image-631\" width=\"600\" height=\"450\" title=\"inteligencia emocional\" loading=\"lazy\" role=\"img\"\/><\/figure><\/div>\n<\/div>\n\n\n\n<div class=\"wp-block-uagb-container uagb-block-72f78640\">\n<div class=\"wp-block-uagb-image alignleft uagb-block-60b932c0 wp-block-uagb-image--layout-default wp-block-uagb-image--effect-static wp-block-uagb-image--align-left\"><figure class=\"wp-block-uagb-image__figure\"><img decoding=\"async\" srcset=\"https:\/\/www.centrofelicidadybienestaremocional.com\/Web\/wp-content\/uploads\/2026\/03\/sexualidad-y-erotismo-683x1024.jpg ,https:\/\/www.centrofelicidadybienestaremocional.com\/Web\/wp-content\/uploads\/2026\/03\/sexualidad-y-erotismo.jpg 780w, https:\/\/www.centrofelicidadybienestaremocional.com\/Web\/wp-content\/uploads\/2026\/03\/sexualidad-y-erotismo.jpg 360w\" sizes=\"auto, (max-width: 480px) 150px\" src=\"https:\/\/www.centrofelicidadybienestaremocional.com\/Web\/wp-content\/uploads\/2026\/03\/sexualidad-y-erotismo-683x1024.jpg\" alt=\"sexualidad y erotismo\" class=\"uag-image-626\" width=\"600\" height=\"450\" title=\"sexualidad y erotismo\" loading=\"lazy\" role=\"img\"\/><\/figure><\/div>\n<\/div>\n\n\n\n<div class=\"wp-block-uagb-container uagb-block-01a26233\">\n<div class=\"wp-block-uagb-info-box uagb-block-403a0671 uagb-infobox__content-wrap  uagb-infobox-icon-above-title uagb-infobox-image-valign-top\"><div class=\"uagb-ifb-content\"><div class=\"uagb-ifb-title-wrap\"><h4 class=\"uagb-ifb-title\">Sexualidad y Erotismo<\/h4><\/div><p class=\"uagb-ifb-desc\">Curso basado en la filosof\u00eda de Esther Perel y creado para apoyar a las parejas en el tr\u00e1nsito de su vida \u00edntima con el conocimiento de c\u00f3mo no acercarse demasiado a la rutina y fomentar el deseo y el espacio er\u00f3tico que genera una vida plena en pareja.<\/p><\/div><\/div>\n\n\n\n<div class=\"wp-block-uagb-buttons uagb-buttons__outer-wrap uagb-btn__default-btn uagb-btn-tablet__default-btn uagb-btn-mobile__default-btn uagb-block-e8e1cb00\"><div class=\"uagb-buttons__wrap uagb-buttons-layout-wrap \">\n<div class=\"wp-block-uagb-buttons-child uagb-buttons__outer-wrap uagb-block-e5ceff35 wp-block-button\"><div class=\"uagb-button__wrapper\"><a class=\"uagb-buttons-repeater wp-block-button__link\" aria-label=\"\" href=\"#\" rel=\"follow noopener\" target=\"_self\" role=\"button\"><div class=\"uagb-button__link\">CONOCER M\u00c1S<\/div><span class=\"uagb-button__icon uagb-button__icon-position-after\"><svg xmlns=\"https:\/\/www.w3.org\/2000\/svg\" viewBox=\"0 0 320 512\" aria-hidden=\"true\" focussable=\"false\"><path d=\"M96 480c-8.188 0-16.38-3.125-22.62-9.375c-12.5-12.5-12.5-32.75 0-45.25L242.8 256L73.38 86.63c-12.5-12.5-12.5-32.75 0-45.25s32.75-12.5 45.25 0l192 192c12.5 12.5 12.5 32.75 0 45.25l-192 192C112.4 476.9 104.2 480 96 480z\"><\/path><\/svg><\/span><\/a><\/div><\/div>\n<\/div><\/div>\n<\/div>\n\n\n\n<div class=\"wp-block-uagb-container uagb-block-5818c7de\">\n<div class=\"wp-block-uagb-info-box uagb-block-5f96f812 uagb-infobox__content-wrap  uagb-infobox-icon-above-title uagb-infobox-image-valign-top\"><div class=\"uagb-ifb-content\"><div class=\"uagb-ifb-title-wrap\"><h4 class=\"uagb-ifb-title\">Prevenci\u00f3n Emocional del Estr\u00e9s Laboral<\/h4><\/div><p class=\"uagb-ifb-desc\">Curso dise\u00f1ado para espacios laborales, empresas, y en general, para espacios donde conviven personas que no tienen una relaci\u00f3n familiar.<\/p><\/div><\/div>\n\n\n\n<div class=\"wp-block-uagb-buttons uagb-buttons__outer-wrap uagb-btn__default-btn uagb-btn-tablet__default-btn uagb-btn-mobile__default-btn uagb-block-d12e37d8\"><div class=\"uagb-buttons__wrap uagb-buttons-layout-wrap \">\n<div class=\"wp-block-uagb-buttons-child uagb-buttons__outer-wrap uagb-block-4872233e wp-block-button\"><div class=\"uagb-button__wrapper\"><a class=\"uagb-buttons-repeater wp-block-button__link\" aria-label=\"\" href=\"#\" rel=\"follow noopener\" target=\"_self\" role=\"button\"><div class=\"uagb-button__link\">CONOCER M\u00c1S<\/div><span class=\"uagb-button__icon uagb-button__icon-position-after\"><svg xmlns=\"https:\/\/www.w3.org\/2000\/svg\" viewBox=\"0 0 320 512\" aria-hidden=\"true\" focussable=\"false\"><path d=\"M96 480c-8.188 0-16.38-3.125-22.62-9.375c-12.5-12.5-12.5-32.75 0-45.25L242.8 256L73.38 86.63c-12.5-12.5-12.5-32.75 0-45.25s32.75-12.5 45.25 0l192 192c12.5 12.5 12.5 32.75 0 45.25l-192 192C112.4 476.9 104.2 480 96 480z\"><\/path><\/svg><\/span><\/a><\/div><\/div>\n<\/div><\/div>\n<\/div>\n\n\n\n<div class=\"wp-block-uagb-container uagb-block-f4b15b41\">\n<div class=\"wp-block-uagb-image alignleft uagb-block-85a5a611 wp-block-uagb-image--layout-default wp-block-uagb-image--effect-static wp-block-uagb-image--align-left\"><figure class=\"wp-block-uagb-image__figure\"><img decoding=\"async\" srcset=\"https:\/\/www.centrofelicidadybienestaremocional.com\/Web\/wp-content\/uploads\/2026\/03\/prevencio\u0301n-emocional-del-estre\u0301s-laboral.jpg ,https:\/\/www.centrofelicidadybienestaremocional.com\/Web\/wp-content\/uploads\/2026\/03\/prevencio\u0301n-emocional-del-estre\u0301s-laboral.jpg 780w, https:\/\/www.centrofelicidadybienestaremocional.com\/Web\/wp-content\/uploads\/2026\/03\/prevencio\u0301n-emocional-del-estre\u0301s-laboral.jpg 360w\" sizes=\"auto, (max-width: 480px) 150px\" src=\"https:\/\/www.centrofelicidadybienestaremocional.com\/Web\/wp-content\/uploads\/2026\/03\/prevencio\u0301n-emocional-del-estre\u0301s-laboral.jpg\" alt=\"young businessman tired at night\" class=\"uag-image-629\" width=\"600\" height=\"450\" title=\"young businessman tired at night\" loading=\"lazy\" role=\"img\"\/><\/figure><\/div>\n<\/div>\n\n\n\n<div class=\"wp-block-uagb-container uagb-block-60c42172\">\n<div class=\"wp-block-uagb-image alignleft uagb-block-e937ab41 wp-block-uagb-image--layout-default wp-block-uagb-image--effect-static wp-block-uagb-image--align-left\"><figure class=\"wp-block-uagb-image__figure\"><img decoding=\"async\" srcset=\"https:\/\/www.centrofelicidadybienestaremocional.com\/Web\/wp-content\/uploads\/2026\/03\/desarrollo-emocional-a-trave\u0301s-del-cine.jpg ,https:\/\/www.centrofelicidadybienestaremocional.com\/Web\/wp-content\/uploads\/2026\/03\/desarrollo-emocional-a-trave\u0301s-del-cine.jpg 780w, https:\/\/www.centrofelicidadybienestaremocional.com\/Web\/wp-content\/uploads\/2026\/03\/desarrollo-emocional-a-trave\u0301s-del-cine.jpg 360w\" sizes=\"auto, (max-width: 480px) 150px\" src=\"https:\/\/www.centrofelicidadybienestaremocional.com\/Web\/wp-content\/uploads\/2026\/03\/desarrollo-emocional-a-trave\u0301s-del-cine.jpg\" alt=\"desarrollo emocional a trave\u0301s del cine\" class=\"uag-image-627\" width=\"600\" height=\"450\" title=\"desarrollo emocional a trave\u0301s del cine\" loading=\"lazy\" role=\"img\"\/><\/figure><\/div>\n<\/div>\n\n\n\n<div class=\"wp-block-uagb-container uagb-block-e0fd160e\">\n<div class=\"wp-block-uagb-info-box uagb-block-d52caf5e uagb-infobox__content-wrap  uagb-infobox-icon-above-title uagb-infobox-image-valign-top\"><div class=\"uagb-ifb-content\"><div class=\"uagb-ifb-title-wrap\"><h4 class=\"uagb-ifb-title\">Desarrollo Emocional a Trav\u00e9s del Cine<\/h4><\/div><p class=\"uagb-ifb-desc\">Curso creado para estimular el autoconocimiento de tus emociones as\u00ed como la pr\u00e1ctica del an\u00e1lisis y reflexi\u00f3n de la tem\u00e1tica de las pel\u00edculas.<\/p><\/div><\/div>\n\n\n\n<div class=\"wp-block-uagb-buttons uagb-buttons__outer-wrap uagb-btn__default-btn uagb-btn-tablet__default-btn uagb-btn-mobile__default-btn uagb-block-d2260b05\"><div class=\"uagb-buttons__wrap uagb-buttons-layout-wrap \">\n<div class=\"wp-block-uagb-buttons-child uagb-buttons__outer-wrap uagb-block-9b93fe39 wp-block-button\"><div class=\"uagb-button__wrapper\"><a class=\"uagb-buttons-repeater wp-block-button__link\" aria-label=\"\" href=\"#\" rel=\"follow noopener\" target=\"_self\" role=\"button\"><div class=\"uagb-button__link\">CONOCER M\u00c1S<\/div><span class=\"uagb-button__icon uagb-button__icon-position-after\"><svg xmlns=\"https:\/\/www.w3.org\/2000\/svg\" viewBox=\"0 0 320 512\" aria-hidden=\"true\" focussable=\"false\"><path d=\"M96 480c-8.188 0-16.38-3.125-22.62-9.375c-12.5-12.5-12.5-32.75 0-45.25L242.8 256L73.38 86.63c-12.5-12.5-12.5-32.75 0-45.25s32.75-12.5 45.25 0l192 192c12.5 12.5 12.5 32.75 0 45.25l-192 192C112.4 476.9 104.2 480 96 480z\"><\/path><\/svg><\/span><\/a><\/div><\/div>\n<\/div><\/div>\n<\/div>\n\n\n\n<div class=\"wp-block-uagb-container uagb-block-c1d88c8d\">\n<div class=\"wp-block-uagb-info-box uagb-block-4f95003f uagb-infobox__content-wrap  uagb-infobox-icon-above-title uagb-infobox-image-valign-top\"><div class=\"uagb-ifb-content\"><div class=\"uagb-ifb-title-wrap\"><h4 class=\"uagb-ifb-title\">Esquemas de Vida<\/h4><\/div><p class=\"uagb-ifb-desc\">Curso creado para el autoconocimiento de los patrones o esquemas disfuncionales con los cuales aprendiste a desarrollarte.<\/p><\/div><\/div>\n\n\n\n<div class=\"wp-block-uagb-buttons uagb-buttons__outer-wrap uagb-btn__default-btn uagb-btn-tablet__default-btn uagb-btn-mobile__default-btn uagb-block-d2afe4c8\"><div class=\"uagb-buttons__wrap uagb-buttons-layout-wrap \">\n<div class=\"wp-block-uagb-buttons-child uagb-buttons__outer-wrap uagb-block-9b48bc3c wp-block-button\"><div class=\"uagb-button__wrapper\"><a class=\"uagb-buttons-repeater wp-block-button__link\" aria-label=\"\" href=\"#\" rel=\"follow noopener\" target=\"_self\" role=\"button\"><div class=\"uagb-button__link\">CONOCER M\u00c1S<\/div><span class=\"uagb-button__icon uagb-button__icon-position-after\"><svg xmlns=\"https:\/\/www.w3.org\/2000\/svg\" viewBox=\"0 0 320 512\" aria-hidden=\"true\" focussable=\"false\"><path d=\"M96 480c-8.188 0-16.38-3.125-22.62-9.375c-12.5-12.5-12.5-32.75 0-45.25L242.8 256L73.38 86.63c-12.5-12.5-12.5-32.75 0-45.25s32.75-12.5 45.25 0l192 192c12.5 12.5 12.5 32.75 0 45.25l-192 192C112.4 476.9 104.2 480 96 480z\"><\/path><\/svg><\/span><\/a><\/div><\/div>\n<\/div><\/div>\n<\/div>\n\n\n\n<div class=\"wp-block-uagb-container uagb-block-66253abb\">\n<div class=\"wp-block-uagb-image alignleft uagb-block-8b7f6e49 wp-block-uagb-image--layout-default wp-block-uagb-image--effect-static wp-block-uagb-image--align-left\"><figure class=\"wp-block-uagb-image__figure\"><img decoding=\"async\" srcset=\"https:\/\/www.centrofelicidadybienestaremocional.com\/Web\/wp-content\/uploads\/2026\/03\/esquemas-de-vida.jpg ,https:\/\/www.centrofelicidadybienestaremocional.com\/Web\/wp-content\/uploads\/2026\/03\/esquemas-de-vida.jpg 780w, https:\/\/www.centrofelicidadybienestaremocional.com\/Web\/wp-content\/uploads\/2026\/03\/esquemas-de-vida.jpg 360w\" sizes=\"auto, (max-width: 480px) 150px\" src=\"https:\/\/www.centrofelicidadybienestaremocional.com\/Web\/wp-content\/uploads\/2026\/03\/esquemas-de-vida.jpg\" alt=\"esquemas de vida\" class=\"uag-image-625\" width=\"600\" height=\"450\" title=\"esquemas de vida\" loading=\"lazy\" role=\"img\"\/><\/figure><\/div>\n<\/div>\n<\/div>\n<\/div><\/div>\n","protected":false},"excerpt":{"rendered":"","protected":false},"author":1,"featured_media":0,"parent":0,"menu_order":0,"comment_status":"closed","ping_status":"closed","template":"","meta":{"_uag_custom_page_level_css":"","site-sidebar-layout":"default","site-content-layout":"","ast-site-content-layout":"default","site-content-style":"default","site-sidebar-style":"default","ast-global-header-display":"","ast-banner-title-visibility":"","ast-main-header-display":"","ast-hfb-above-header-display":"","ast-hfb-below-header-display":"","ast-hfb-mobile-header-display":"","site-post-title":"disabled","ast-breadcrumbs-content":"","ast-featured-img":"","footer-sml-layout":"","ast-disable-related-posts":"","theme-transparent-header-meta":"","adv-header-id-meta":"","stick-header-meta":"","header-above-stick-meta":"","header-main-stick-meta":"","header-below-stick-meta":"","astra-migrate-meta-layouts":"default","ast-page-background-enabled":"default","ast-page-background-meta":{"desktop":{"background-color":"var(--ast-global-color-4)","background-image":"","background-repeat":"repeat","background-position":"center center","background-size":"auto","background-attachment":"scroll","background-type":"","background-media":"","overlay-type":"","overlay-color":"","overlay-opacity":"","overlay-gradient":""},"tablet":{"background-color":"","background-image":"","background-repeat":"repeat","background-position":"center center","background-size":"auto","background-attachment":"scroll","background-type":"","background-media":"","overlay-type":"","overlay-color":"","overlay-opacity":"","overlay-gradient":""},"mobile":{"background-color":"","background-image":"","background-repeat":"repeat","background-position":"center center","background-size":"auto","background-attachment":"scroll","background-type":"","background-media":"","overlay-type":"","overlay-color":"","overlay-opacity":"","overlay-gradient":""}},"ast-content-background-meta":{"desktop":{"background-color":"var(--ast-global-color-5)","background-image":"","background-repeat":"repeat","background-position":"center center","background-size":"auto","background-attachment":"scroll","background-type":"","background-media":"","overlay-type":"","overlay-color":"","overlay-opacity":"","overlay-gradient":""},"tablet":{"background-color":"var(--ast-global-color-5)","background-image":"","background-repeat":"repeat","background-position":"center center","background-size":"auto","background-attachment":"scroll","background-type":"","background-media":"","overlay-type":"","overlay-color":"","overlay-opacity":"","overlay-gradient":""},"mobile":{"background-color":"var(--ast-global-color-5)","background-image":"","background-repeat":"repeat","background-position":"center center","background-size":"auto","background-attachment":"scroll","background-type":"","background-media":"","overlay-type":"","overlay-color":"","overlay-opacity":"","overlay-gradient":""}},"footnotes":""},"class_list":["post-394","page","type-page","status-publish","hentry"],"uagb_featured_image_src":{"full":false,"thumbnail":false,"medium":false,"medium_large":false,"large":false,"1536x1536":false,"2048x2048":false,"mailpoet_newsletter_max":false},"uagb_author_info":{"display_name":"admin","author_link":"https:\/\/www.centrofelicidadybienestaremocional.com\/Web\/author\/mcortes_6tymxllv\/"},"uagb_comment_info":0,"uagb_excerpt":null,"_links":{"self":[{"href":"https:\/\/www.centrofelicidadybienestaremocional.com\/Web\/wp-json\/wp\/v2\/pages\/394","targetHints":{"allow":["GET"]}}],"collection":[{"href":"https:\/\/www.centrofelicidadybienestaremocional.com\/Web\/wp-json\/wp\/v2\/pages"}],"about":[{"href":"https:\/\/www.centrofelicidadybienestaremocional.com\/Web\/wp-json\/wp\/v2\/types\/page"}],"author":[{"embeddable":true,"href":"https:\/\/www.centrofelicidadybienestaremocional.com\/Web\/wp-json\/wp\/v2\/users\/1"}],"replies":[{"embeddable":true,"href":"https:\/\/www.centrofelicidadybienestaremocional.com\/Web\/wp-json\/wp\/v2\/comments?post=394"}],"version-history":[{"count":12,"href":"https:\/\/www.centrofelicidadybienestaremocional.com\/Web\/wp-json\/wp\/v2\/pages\/394\/revisions"}],"predecessor-version":[{"id":717,"href":"https:\/\/www.centrofelicidadybienestaremocional.com\/Web\/wp-json\/wp\/v2\/pages\/394\/revisions\/717"}],"wp:attachment":[{"href":"https:\/\/www.centrofelicidadybienestaremocional.com\/Web\/wp-json\/wp\/v2\/media?parent=394"}],"curies":[{"name":"wp","href":"https:\/\/api.w.org\/{rel}","templated":true}]}}