{"id":26,"date":"2026-02-13T20:33:46","date_gmt":"2026-02-13T20:33:46","guid":{"rendered":"https:\/\/www.centrofelicidadybienestaremocional.com\/Web\/index.php\/services\/"},"modified":"2026-03-14T08:33:30","modified_gmt":"2026-03-14T14:33:30","slug":"nuestro_centro","status":"publish","type":"page","link":"https:\/\/www.centrofelicidadybienestaremocional.com\/Web\/nuestro_centro\/","title":{"rendered":"Nuestro Centro"},"content":{"rendered":"\n<div class=\"wp-block-uagb-container uagb-block-mqxj85ho alignfull uagb-is-root-container\"><div class=\"uagb-container-inner-blocks-wrap\">\n<div class=\"wp-block-uagb-info-box uagb-block-ua2535o2 uagb-infobox__content-wrap  uagb-infobox-icon-above-title uagb-infobox-image-valign-top\"><div class=\"uagb-ifb-content\"><div class=\"uagb-ifb-title-wrap\"><h1 class=\"uagb-ifb-title\">Nuestro centro<\/h1><\/div><\/div><\/div>\n<\/div><\/div>\n\n\n\n<div class=\"wp-block-uagb-container uagb-block-4b0b8f05 alignfull uagb-is-root-container\"><div class=\"uagb-container-inner-blocks-wrap\">\n\n\n<div class=\"wp-block-uagb-container uagb-block-22ffc690\">\n<div class=\"wp-block-uagb-container uagb-block-c8ezqvlk alignfull uagb-is-root-container\"><div class=\"uagb-container-inner-blocks-wrap\">\n<div class=\"wp-block-uagb-info-box uagb-block-r0exabeo uagb-infobox__content-wrap  uagb-infobox-icon-above-title uagb-infobox-image-valign-top\"><div class=\"uagb-ifb-content\"><div class=\"uagb-ifb-title-wrap\"><h2 class=\"uagb-ifb-title\">\u00bfQu\u00e9 nos motiva a crear el Centro?<\/h2><\/div><p class=\"uagb-ifb-desc\">Estudi\u00e9 varias Especialidades y Diplomados. Actualmente, estoy cursando el Certificado en Estudios de la Felicidad, en el Happiness Studies Academy, fundado por Tal Ben Shahar, profesor de la Materia de Felicidad, en la Universidad de Harvard, estudio que me impuls\u00f3 a formar parte de un gran grupo alrededor del mundo y que ahora estamos dedicados a trabajar en lo que llamamos \u201cLa Revoluci\u00f3n de la Felicidad\u201d.<br>De ah\u00ed surge la inspiraci\u00f3n para fundar el Centro para la Felicidad y BienEstar Emocional. A partir de ah\u00ed, mi compromiso para cumplir mi prop\u00f3sito de ser una persona de utilidad cuando alguien est\u00e1 sufriendo, o simplemente no la est\u00e1 pasando bien, para poder ser de apoyo a quien lo necesite, a trav\u00e9s de la Psicoterapia, de los Talleres y Cursos.<\/p><\/div><\/div>\n\n\n\n<div class=\"wp-block-uagb-image aligncenter uagb-block-kzxvnnzy wp-block-uagb-image--layout-default wp-block-uagb-image--effect-static wp-block-uagb-image--align-center alignleft\"><figure class=\"wp-block-uagb-image__figure\"><img decoding=\"async\" srcset=\"https:\/\/www.centrofelicidadybienestaremocional.com\/Web\/wp-content\/uploads\/2026\/02\/WhatsApp-Image-2026-02-22-at-18.33.33-2-819x1024.jpeg ,https:\/\/www.centrofelicidadybienestaremocional.com\/Web\/wp-content\/uploads\/2026\/02\/WhatsApp-Image-2026-02-22-at-18.33.33-2-scaled.jpeg 780w, https:\/\/www.centrofelicidadybienestaremocional.com\/Web\/wp-content\/uploads\/2026\/02\/WhatsApp-Image-2026-02-22-at-18.33.33-2-scaled.jpeg 360w\" sizes=\"auto, (max-width: 480px) 150px\" src=\"https:\/\/www.centrofelicidadybienestaremocional.com\/Web\/wp-content\/uploads\/2026\/02\/WhatsApp-Image-2026-02-22-at-18.33.33-2-819x1024.jpeg\" alt=\"WhatsApp Image 2026 02 22 At 18.33.33 2 819x1024\" class=\"uag-image-429\" width=\"600\" height=\"800\" title=\"Nuestro Centro\" loading=\"lazy\" role=\"presentation\"><\/figure><\/div>\n<\/div><\/div>\n<\/div>\n\n\n\n<div class=\"wp-block-uagb-container uagb-layout-flex uagb-block-9286c5ad\">\n<div class=\"wp-block-uagb-container uagb-layout-grid uagb-block-e0d18796\">\n<div class=\"wp-block-uagb-image alignleft uagb-block-7948ea86 wp-block-uagb-image--layout-default wp-block-uagb-image--effect-static wp-block-uagb-image--align-left\"><figure class=\"wp-block-uagb-image__figure\"><img decoding=\"async\" srcset=\"https:\/\/www.centrofelicidadybienestaremocional.com\/Web\/wp-content\/uploads\/2026\/03\/WhatsApp-Image-2026-03-09-at-09.34.31-768x1024.jpeg ,https:\/\/www.centrofelicidadybienestaremocional.com\/Web\/wp-content\/uploads\/2026\/03\/WhatsApp-Image-2026-03-09-at-09.34.31.jpeg 780w, https:\/\/www.centrofelicidadybienestaremocional.com\/Web\/wp-content\/uploads\/2026\/03\/WhatsApp-Image-2026-03-09-at-09.34.31.jpeg 360w\" sizes=\"auto, (max-width: 480px) 150px\" src=\"https:\/\/www.centrofelicidadybienestaremocional.com\/Web\/wp-content\/uploads\/2026\/03\/WhatsApp-Image-2026-03-09-at-09.34.31-768x1024.jpeg\" alt=\"WhatsApp Image 2026 03 09 At 09.34.31 768x1024\" class=\"uag-image-664\" width=\"290\" height=\"400\" title=\"centro2\" loading=\"lazy\" role=\"img\"><\/figure><\/div>\n\n\n\n<div class=\"wp-block-uagb-container uagb-layout-grid uagb-block-fa136307\">\n<div class=\"wp-block-uagb-image uagb-block-699919ef wp-block-uagb-image--layout-default wp-block-uagb-image--effect-static wp-block-uagb-image--align-none\"><figure class=\"wp-block-uagb-image__figure\"><img decoding=\"async\" srcset=\"https:\/\/www.centrofelicidadybienestaremocional.com\/Web\/wp-content\/uploads\/2026\/03\/WhatsApp-Image-2026-03-09-at-09.34.32-768x1024.jpeg ,https:\/\/www.centrofelicidadybienestaremocional.com\/Web\/wp-content\/uploads\/2026\/03\/WhatsApp-Image-2026-03-09-at-09.34.32.jpeg 780w, https:\/\/www.centrofelicidadybienestaremocional.com\/Web\/wp-content\/uploads\/2026\/03\/WhatsApp-Image-2026-03-09-at-09.34.32.jpeg 360w\" sizes=\"auto, (max-width: 480px) 150px\" src=\"https:\/\/www.centrofelicidadybienestaremocional.com\/Web\/wp-content\/uploads\/2026\/03\/WhatsApp-Image-2026-03-09-at-09.34.32-768x1024.jpeg\" alt=\"WhatsApp Image 2026 03 09 At 09.34.32 768x1024\" class=\"uag-image-665\" width=\"290\" height=\"200\" title=\"centro3\" loading=\"lazy\" role=\"img\"><\/figure><\/div>\n\n\n\n<div class=\"wp-block-uagb-image uagb-block-ba62a8af wp-block-uagb-image--layout-default wp-block-uagb-image--effect-static wp-block-uagb-image--align-none\"><figure class=\"wp-block-uagb-image__figure\"><img decoding=\"async\" srcset=\"https:\/\/www.centrofelicidadybienestaremocional.com\/Web\/wp-content\/uploads\/2026\/03\/WhatsApp-Image-2026-03-09-at-09.28.16-768x1024.jpeg ,https:\/\/www.centrofelicidadybienestaremocional.com\/Web\/wp-content\/uploads\/2026\/03\/WhatsApp-Image-2026-03-09-at-09.28.16-scaled.jpeg 780w, https:\/\/www.centrofelicidadybienestaremocional.com\/Web\/wp-content\/uploads\/2026\/03\/WhatsApp-Image-2026-03-09-at-09.28.16-scaled.jpeg 360w\" sizes=\"auto, (max-width: 480px) 150px\" src=\"https:\/\/www.centrofelicidadybienestaremocional.com\/Web\/wp-content\/uploads\/2026\/03\/WhatsApp-Image-2026-03-09-at-09.28.16-768x1024.jpeg\" alt=\"whatsapp image 2026 03 09 at 09.28.16\" class=\"uag-image-661\" width=\"290\" height=\"190\" title=\"Centro1\" loading=\"lazy\" role=\"img\"\/><\/figure><\/div>\n<\/div>\n<\/div>\n\n\n\n<div class=\"wp-block-uagb-container uagb-block-b6ad80b7\">\n<div class=\"wp-block-uagb-advanced-heading uagb-block-9a79d802\"><h3 class=\"uagb-heading-text\">Primeros avances en el Centro<\/h3><\/div>\n\n\n\n<p class=\"has-ast-global-color-2-color has-text-color has-link-color wp-elements-2968a4fbbb1c992cdafb4ed61fb65751\">Surge paralelo a la terapia, en el a\u00f1o 2007 el Taller \u201cConoce tus Emociones\u201d, un programa especializado en el desarrollo de la Inteligencia Emocional en ni\u00f1as, ni\u00f1os y adolescentes, a la vez que la Escuela para Padres de manera simult\u00e1nea al de los hijos.<\/p>\n\n\n\n<p class=\"has-white-color has-text-color has-link-color wp-elements-51c237e5ae6e4c7d7531cf45170d3ce8\">Desarrolladora del Taller de Inteligencia Emocional y Comunicaci\u00f3n Asertiva para Padres y Madres, proporcionando herramientas clave para fortalecer el v\u00ednculo familiar y fomentar la educaci\u00f3n emocional en casa, as\u00ed como conferencista en varias escuelas, empresas y asociaciones.<\/p>\n\n\n\n<p class=\"has-ast-global-color-2-color has-text-color has-link-color wp-elements-3ea11ef467e53f323c568e982939f340\">M\u00e1s de 24 a\u00f1os de experiencia en estos campos nos permiten ofrecer una serie de Talleres y Cursos en varios temas, adem\u00e1s de la Psicoterapia individual, de pareja y familiar, Filos\u00f3fica, Racional Emotivo Cognitivo Conductual, Sist\u00e9mica Transgeneracional, Narrativa y Dial\u00f3gica, Logoterapia y Terapia de Contenci\u00f3n.<\/p>\n<\/div>\n<\/div>\n\n\n\n<h2 class=\"wp-block-heading has-text-align-center has-ast-global-color-3-color has-text-color has-link-color has-medium-font-size wp-elements-18ec3bf2499780de8830dc0446932094\">En el Centro para la Felicidad y el BienEstar Emocional, tenemos muy en alto nuestros valores<\/h2>\n<\/div><\/div>\n\n\n\n<div class=\"wp-block-uagb-container uagb-block-4c8d9c23 alignfull uagb-is-root-container\"><div class=\"uagb-container-inner-blocks-wrap\">\n<div class=\"wp-block-uagb-container uagb-block-83062cc0\">\n<div class=\"wp-block-uagb-container uagb-block-023e5608\">\n<div class=\"wp-block-uagb-container uagb-block-d706a1de\">\n<div class=\"wp-block-uagb-container uagb-block-b1fd769d\">\n<div class=\"wp-block-uagb-container uagb-block-f41eaa35\">\n<div class=\"wp-block-uagb-info-box uagb-block-4021b649 uagb-infobox__content-wrap  uagb-infobox-icon-above-title uagb-infobox-image-valign-top\"><div class=\"uagb-ifb-content\"><div class=\"uagb-ifb-icon-wrap\"><svg xmlns=\"https:\/\/www.w3.org\/2000\/svg\" viewBox=\"0 0 512 512\"><path d=\"M0 190.9V185.1C0 115.2 50.52 55.58 119.4 44.1C164.1 36.51 211.4 51.37 244 84.02L256 96L267.1 84.02C300.6 51.37 347 36.51 392.6 44.1C461.5 55.58 512 115.2 512 185.1V190.9C512 232.4 494.8 272.1 464.4 300.4L283.7 469.1C276.2 476.1 266.3 480 256 480C245.7 480 235.8 476.1 228.3 469.1L47.59 300.4C17.23 272.1 .0003 232.4 .0003 190.9L0 190.9z\"><\/path><\/svg><\/div><div class=\"uagb-ifb-title-wrap\"><h3 class=\"uagb-ifb-title\">Amor y empat\u00eda<\/h3><\/div><\/div><\/div>\n<\/div>\n<\/div>\n<\/div>\n<\/div>\n<\/div>\n\n\n\n<div class=\"wp-block-uagb-container uagb-block-063611d1\">\n<div class=\"wp-block-uagb-info-box uagb-block-510e1265 uagb-infobox__content-wrap  uagb-infobox-icon-above-title uagb-infobox-image-valign-top\"><div class=\"uagb-ifb-content\"><div class=\"uagb-ifb-icon-wrap\"><svg xmlns=\"https:\/\/www.w3.org\/2000\/svg\" viewBox=\"0 0 512 512\"><path d=\"M512 256C512 397.4 397.4 512 256 512C114.6 512 0 397.4 0 256C0 114.6 114.6 0 256 0C397.4 0 512 114.6 512 256zM407.4 331.5C412.4 319.7 400.4 309 388.1 312.8C348.4 324.9 303.7 331.8 256.3 331.8C208.9 331.8 164.1 324.9 124.5 312.8C112.2 309 100.2 319.7 105.2 331.5C130.1 390.6 188.4 432 256.3 432C324.2 432 382.4 390.6 407.4 331.5H407.4zM152.8 124.6L136.2 159.3L98.09 164.3C95.03 164.7 92.48 166.8 91.52 169.8C90.57 172.7 91.39 175.9 93.62 178L121.5 204.5L114.5 242.3C113.1 245.4 115.2 248.4 117.7 250.2C120.2 252.1 123.5 252.3 126.2 250.8L159.1 232.5L193.8 250.8C196.5 252.3 199.8 252.1 202.3 250.2C204.8 248.4 206 245.4 205.5 242.3L198.5 204.5L226.4 178C228.6 175.9 229.4 172.7 228.5 169.8C227.5 166.8 224.1 164.7 221.9 164.3L183.8 159.3L167.2 124.6C165.9 121.8 163.1 120 159.1 120C156.9 120 154.1 121.8 152.8 124.6V124.6zM344.8 124.6L328.2 159.3L290.1 164.3C287 164.7 284.5 166.8 283.5 169.8C282.6 172.7 283.4 175.9 285.6 178L313.5 204.5L306.5 242.3C305.1 245.4 307.2 248.4 309.7 250.2C312.2 252.1 315.5 252.3 318.2 250.8L352 232.5L385.8 250.8C388.5 252.3 391.8 252.1 394.3 250.2C396.8 248.4 398 245.4 397.5 242.3L390.5 204.5L418.4 178C420.6 175.9 421.4 172.7 420.5 169.8C419.5 166.8 416.1 164.7 413.9 164.3L375.8 159.3L359.2 124.6C357.9 121.8 355.1 120 352 120C348.9 120 346.1 121.8 344.8 124.6H344.8z\"><\/path><\/svg><\/div><div class=\"uagb-ifb-title-wrap\"><h3 class=\"uagb-ifb-title\">Crecimiento y bienestar<\/h3><\/div><\/div><\/div>\n<\/div>\n\n\n\n<div class=\"wp-block-uagb-container uagb-block-cec39d95\">\n<div class=\"wp-block-uagb-info-box uagb-block-f71561f1 uagb-infobox__content-wrap  uagb-infobox-icon-above-title uagb-infobox-image-valign-top\"><div class=\"uagb-ifb-content\"><div class=\"uagb-ifb-icon-wrap\"><svg xmlns=\"https:\/\/www.w3.org\/2000\/svg\" viewBox=\"0 0 512 512\"><path d=\"M256 31.1c-141.4 0-255.1 93.09-255.1 208c0 49.59 21.38 94.1 56.97 130.7c-12.5 50.39-54.31 95.3-54.81 95.8C0 468.8-.5938 472.2 .6875 475.2c1.312 3 4.125 4.797 7.312 4.797c66.31 0 116-31.8 140.6-51.41c32.72 12.31 69.01 19.41 107.4 19.41C397.4 447.1 512 354.9 512 239.1S397.4 31.1 256 31.1zM368 266c0 8.836-7.164 16-16 16h-54V336c0 8.836-7.164 16-16 16h-52c-8.836 0-16-7.164-16-16V282H160c-8.836 0-16-7.164-16-16V214c0-8.838 7.164-16 16-16h53.1V144c0-8.838 7.164-16 16-16h52c8.836 0 16 7.162 16 16v54H352c8.836 0 16 7.162 16 16V266z\"><\/path><\/svg><\/div><div class=\"uagb-ifb-title-wrap\"><h3 class=\"uagb-ifb-title\">Autenticidad y conexi\u00f3n<\/h3><\/div><\/div><\/div>\n<\/div>\n\n\n\n<div class=\"wp-block-uagb-container uagb-block-beb6dc0c\">\n<div class=\"wp-block-uagb-info-box uagb-block-4526d213 uagb-infobox__content-wrap  uagb-infobox-icon-above-title uagb-infobox-image-valign-top\"><div class=\"uagb-ifb-content\"><div class=\"uagb-ifb-icon-wrap\"><svg xmlns=\"https:\/\/www.w3.org\/2000\/svg\" viewBox=\"0 0 512 512\"><path d=\"M0 256C0 114.6 114.6 0 256 0C397.4 0 512 114.6 512 256C512 397.4 397.4 512 256 512C114.6 512 0 397.4 0 256zM371.8 211.8C382.7 200.9 382.7 183.1 371.8 172.2C360.9 161.3 343.1 161.3 332.2 172.2L224 280.4L179.8 236.2C168.9 225.3 151.1 225.3 140.2 236.2C129.3 247.1 129.3 264.9 140.2 275.8L204.2 339.8C215.1 350.7 232.9 350.7 243.8 339.8L371.8 211.8z\"><\/path><\/svg><\/div><div class=\"uagb-ifb-title-wrap\"><h3 class=\"uagb-ifb-title\">Impacto positivo<\/h3><\/div><\/div><\/div>\n<\/div>\n\n\n\n<div class=\"wp-block-uagb-container uagb-block-ca496f03\">\n<div class=\"wp-block-uagb-info-box uagb-block-8170f7d5 uagb-infobox__content-wrap  uagb-infobox-icon-above-title uagb-infobox-image-valign-top\"><div class=\"uagb-ifb-content\"><div class=\"uagb-ifb-icon-wrap\"><svg xmlns=\"https:\/\/www.w3.org\/2000\/svg\" viewBox=\"0 0 512 512\"><path d=\"M288 256C288 273.7 273.7 288 256 288C238.3 288 224 273.7 224 256C224 238.3 238.3 224 256 224C273.7 224 288 238.3 288 256zM0 256C0 114.6 114.6 0 256 0C397.4 0 512 114.6 512 256C512 397.4 397.4 512 256 512C114.6 512 0 397.4 0 256zM325.1 306.7L380.6 162.4C388.1 142.1 369 123.9 349.6 131.4L205.3 186.9C196.8 190.1 190.1 196.8 186.9 205.3L131.4 349.6C123.9 369 142.1 388.1 162.4 380.6L306.7 325.1C315.2 321.9 321.9 315.2 325.1 306.7V306.7z\"><\/path><\/svg><\/div><div class=\"uagb-ifb-title-wrap\"><h3 class=\"uagb-ifb-title\">Compromiso y profesionalismo<\/h3><\/div><\/div><\/div>\n<\/div>\n<\/div><\/div>\n\n\n\n<div class=\"wp-block-uagb-container uagb-layout-grid uagb-block-50c22393 alignfull uagb-is-root-container\"><div class=\"uagb-container-inner-blocks-wrap\">\n<div class=\"wp-block-uagb-advanced-heading uagb-block-128c480c\"><h2 class=\"uagb-heading-text\">Comienza a mejorar tu vida hoy<\/h2><\/div>\n\n\n\n<div class=\"wp-block-uagb-buttons uagb-buttons__outer-wrap uagb-btn__default-btn uagb-btn-tablet__default-btn uagb-btn-mobile__default-btn uagb-block-57710382\"><div class=\"uagb-buttons__wrap uagb-buttons-layout-wrap \">\n<div class=\"wp-block-uagb-buttons-child uagb-buttons__outer-wrap uagb-block-66d0176e wp-block-button\"><div class=\"uagb-button__wrapper\"><a class=\"uagb-buttons-repeater wp-block-button__link\" aria-label=\"\" href=\"https:\/\/www.centrofelicidadybienestaremocional.com\/Web\/contacto\/\" rel=\"follow noopener\" target=\"_self\" role=\"button\"><div class=\"uagb-button__link\">Comienza Ahora<\/div><\/a><\/div><\/div>\n<\/div><\/div>\n<\/div><\/div>\n","protected":false},"excerpt":{"rendered":"<p>Primeros avances en el Centro Surge paralelo a la terapia, en el a\u00f1o 2007 el Taller \u201cConoce tus Emociones\u201d, un [&hellip;]<\/p>\n","protected":false},"author":1,"featured_media":0,"parent":0,"menu_order":0,"comment_status":"closed","ping_status":"closed","template":"","meta":{"_uag_custom_page_level_css":"","site-sidebar-layout":"default","site-content-layout":"","ast-site-content-layout":"default","site-content-style":"default","site-sidebar-style":"default","ast-global-header-display":"","ast-banner-title-visibility":"","ast-main-header-display":"","ast-hfb-above-header-display":"","ast-hfb-below-header-display":"","ast-hfb-mobile-header-display":"","site-post-title":"disabled","ast-breadcrumbs-content":"","ast-featured-img":"","footer-sml-layout":"","ast-disable-related-posts":"","theme-transparent-header-meta":"","adv-header-id-meta":"","stick-header-meta":"","header-above-stick-meta":"","header-main-stick-meta":"","header-below-stick-meta":"","astra-migrate-meta-layouts":"default","ast-page-background-enabled":"default","ast-page-background-meta":{"desktop":{"background-color":"var(--ast-global-color-4)","background-image":"","background-repeat":"repeat","background-position":"center center","background-size":"auto","background-attachment":"scroll","background-type":"","background-media":"","overlay-type":"","overlay-color":"","overlay-opacity":"","overlay-gradient":""},"tablet":{"background-color":"","background-image":"","background-repeat":"repeat","background-position":"center center","background-size":"auto","background-attachment":"scroll","background-type":"","background-media":"","overlay-type":"","overlay-color":"","overlay-opacity":"","overlay-gradient":""},"mobile":{"background-color":"","background-image":"","background-repeat":"repeat","background-position":"center center","background-size":"auto","background-attachment":"scroll","background-type":"","background-media":"","overlay-type":"","overlay-color":"","overlay-opacity":"","overlay-gradient":""}},"ast-content-background-meta":{"desktop":{"background-color":"var(--ast-global-color-5)","background-image":"","background-repeat":"repeat","background-position":"center center","background-size":"auto","background-attachment":"scroll","background-type":"","background-media":"","overlay-type":"","overlay-color":"","overlay-opacity":"","overlay-gradient":""},"tablet":{"background-color":"var(--ast-global-color-5)","background-image":"","background-repeat":"repeat","background-position":"center center","background-size":"auto","background-attachment":"scroll","background-type":"","background-media":"","overlay-type":"","overlay-color":"","overlay-opacity":"","overlay-gradient":""},"mobile":{"background-color":"var(--ast-global-color-5)","background-image":"","background-repeat":"repeat","background-position":"center center","background-size":"auto","background-attachment":"scroll","background-type":"","background-media":"","overlay-type":"","overlay-color":"","overlay-opacity":"","overlay-gradient":""}},"footnotes":""},"class_list":["post-26","page","type-page","status-publish","hentry"],"uagb_featured_image_src":{"full":false,"thumbnail":false,"medium":false,"medium_large":false,"large":false,"1536x1536":false,"2048x2048":false,"mailpoet_newsletter_max":false},"uagb_author_info":{"display_name":"admin","author_link":"https:\/\/www.centrofelicidadybienestaremocional.com\/Web\/author\/mcortes_6tymxllv\/"},"uagb_comment_info":0,"uagb_excerpt":"Primeros avances en el Centro Surge paralelo a la terapia, en el a\u00f1o 2007 el Taller \u201cConoce tus Emociones\u201d, un [&hellip;]","_links":{"self":[{"href":"https:\/\/www.centrofelicidadybienestaremocional.com\/Web\/wp-json\/wp\/v2\/pages\/26","targetHints":{"allow":["GET"]}}],"collection":[{"href":"https:\/\/www.centrofelicidadybienestaremocional.com\/Web\/wp-json\/wp\/v2\/pages"}],"about":[{"href":"https:\/\/www.centrofelicidadybienestaremocional.com\/Web\/wp-json\/wp\/v2\/types\/page"}],"author":[{"embeddable":true,"href":"https:\/\/www.centrofelicidadybienestaremocional.com\/Web\/wp-json\/wp\/v2\/users\/1"}],"replies":[{"embeddable":true,"href":"https:\/\/www.centrofelicidadybienestaremocional.com\/Web\/wp-json\/wp\/v2\/comments?post=26"}],"version-history":[{"count":26,"href":"https:\/\/www.centrofelicidadybienestaremocional.com\/Web\/wp-json\/wp\/v2\/pages\/26\/revisions"}],"predecessor-version":[{"id":690,"href":"https:\/\/www.centrofelicidadybienestaremocional.com\/Web\/wp-json\/wp\/v2\/pages\/26\/revisions\/690"}],"wp:attachment":[{"href":"https:\/\/www.centrofelicidadybienestaremocional.com\/Web\/wp-json\/wp\/v2\/media?parent=26"}],"curies":[{"name":"wp","href":"https:\/\/api.w.org\/{rel}","templated":true}]}}